{"id":344,"date":"2016-10-17T12:55:11","date_gmt":"2016-10-17T10:55:11","guid":{"rendered":"https:\/\/www.borri.it\/?page_id=344"},"modified":"2024-03-21T11:33:29","modified_gmt":"2024-03-21T10:33:29","slug":"sistemi-di-continuita-per-industria","status":"publish","type":"page","link":"https:\/\/www.borri.it\/it\/sistemi-di-continuita-per-industria\/","title":{"rendered":"Sistemi di continuit\u00e0 per l&#8217;industria"},"content":{"rendered":"","protected":false},"excerpt":{"rendered":"","protected":false},"author":1,"featured_media":0,"parent":0,"menu_order":0,"comment_status":"closed","ping_status":"closed","template":"","meta":{"footnotes":""},"yoast_head":"<!-- This site is optimized with the Yoast SEO Premium plugin v21.9 (Yoast SEO v21.9.1) - https:\/\/yoast.com\/wordpress\/plugins\/seo\/ -->\n<title>Sistemi di continuit\u00e0 e UPS AC\/DC per l&#039;industria - Borri<\/title>\n<meta name=\"description\" content=\"Sistemi di continuit\u00e0 e UPS AC e DC customizzati di elevata qualit\u00e0, progettati per la protezioni dell&#039;alimentazione di installazioni industriali\" \/>\n<meta name=\"robots\" content=\"index, follow, max-snippet:-1, max-image-preview:large, max-video-preview:-1\" \/>\n<link rel=\"canonical\" href=\"https:\/\/www.borri.it\/industrial-power\/\" \/>\n<meta property=\"og:locale\" content=\"it_IT\" \/>\n<meta property=\"og:type\" content=\"article\" \/>\n<meta property=\"og:title\" content=\"Sistemi di continuit\u00e0 per l&#039;industria\" \/>\n<meta property=\"og:description\" content=\"Sistemi di continuit\u00e0 e UPS AC e DC customizzati di elevata qualit\u00e0, progettati per la protezioni dell&#039;alimentazione di installazioni industriali\" \/>\n<meta property=\"og:url\" content=\"https:\/\/www.borri.it\/industrial-power\/\" \/>\n<meta property=\"og:site_name\" content=\"Borri\" \/>\n<meta property=\"article:modified_time\" content=\"2024-03-21T10:33:29+00:00\" \/>\n<meta name=\"twitter:card\" content=\"summary_large_image\" \/>\n<script type=\"application\/ld+json\" class=\"yoast-schema-graph\">{\"@context\":\"https:\/\/schema.org\",\"@graph\":[{\"@type\":\"WebPage\",\"@id\":\"https:\/\/www.borri.it\/industrial-power\/\",\"url\":\"https:\/\/www.borri.it\/industrial-power\/\",\"name\":\"Sistemi di continuit\u00e0 e UPS AC\/DC per l'industria - Borri\",\"isPartOf\":{\"@id\":\"https:\/\/www.borri.it\/#website\"},\"datePublished\":\"2016-10-17T10:55:11+00:00\",\"dateModified\":\"2024-03-21T10:33:29+00:00\",\"description\":\"Sistemi di continuit\u00e0 e UPS AC e DC customizzati di elevata qualit\u00e0, progettati per la protezioni dell'alimentazione di installazioni industriali\",\"breadcrumb\":{\"@id\":\"https:\/\/www.borri.it\/industrial-power\/#breadcrumb\"},\"inLanguage\":\"it-IT\",\"potentialAction\":[{\"@type\":\"ReadAction\",\"target\":[\"https:\/\/www.borri.it\/industrial-power\/\"]}]},{\"@type\":\"BreadcrumbList\",\"@id\":\"https:\/\/www.borri.it\/industrial-power\/#breadcrumb\",\"itemListElement\":[{\"@type\":\"ListItem\",\"position\":1,\"name\":\"Home\",\"item\":\"https:\/\/www.borri.it\/\"},{\"@type\":\"ListItem\",\"position\":2,\"name\":\"Sistemi di continuit\u00e0 per l&#8217;industria\"}]},{\"@type\":\"WebSite\",\"@id\":\"https:\/\/www.borri.it\/#website\",\"url\":\"https:\/\/www.borri.it\/\",\"name\":\"Borri\",\"description\":\"Soluzioni UPS per la protezione dell\u2019alimentazione\",\"potentialAction\":[{\"@type\":\"SearchAction\",\"target\":{\"@type\":\"EntryPoint\",\"urlTemplate\":\"https:\/\/www.borri.it\/?s={search_term_string}\"},\"query-input\":\"required name=search_term_string\"}],\"inLanguage\":\"it-IT\"}]}<\/script>\n<!-- \/ Yoast SEO Premium plugin. -->","yoast_head_json":{"title":"Sistemi di continuit\u00e0 e UPS AC\/DC per l'industria - Borri","description":"Sistemi di continuit\u00e0 e UPS AC e DC customizzati di elevata qualit\u00e0, progettati per la protezioni dell'alimentazione di installazioni industriali","robots":{"index":"index","follow":"follow","max-snippet":"max-snippet:-1","max-image-preview":"max-image-preview:large","max-video-preview":"max-video-preview:-1"},"canonical":"https:\/\/www.borri.it\/industrial-power\/","og_locale":"it_IT","og_type":"article","og_title":"Sistemi di continuit\u00e0 per l'industria","og_description":"Sistemi di continuit\u00e0 e UPS AC e DC customizzati di elevata qualit\u00e0, progettati per la protezioni dell'alimentazione di installazioni industriali","og_url":"https:\/\/www.borri.it\/industrial-power\/","og_site_name":"Borri","article_modified_time":"2024-03-21T10:33:29+00:00","twitter_card":"summary_large_image","schema":{"@context":"https:\/\/schema.org","@graph":[{"@type":"WebPage","@id":"https:\/\/www.borri.it\/industrial-power\/","url":"https:\/\/www.borri.it\/industrial-power\/","name":"Sistemi di continuit\u00e0 e UPS AC\/DC per l'industria - Borri","isPartOf":{"@id":"https:\/\/www.borri.it\/#website"},"datePublished":"2016-10-17T10:55:11+00:00","dateModified":"2024-03-21T10:33:29+00:00","description":"Sistemi di continuit\u00e0 e UPS AC e DC customizzati di elevata qualit\u00e0, progettati per la protezioni dell'alimentazione di installazioni industriali","breadcrumb":{"@id":"https:\/\/www.borri.it\/industrial-power\/#breadcrumb"},"inLanguage":"it-IT","potentialAction":[{"@type":"ReadAction","target":["https:\/\/www.borri.it\/industrial-power\/"]}]},{"@type":"BreadcrumbList","@id":"https:\/\/www.borri.it\/industrial-power\/#breadcrumb","itemListElement":[{"@type":"ListItem","position":1,"name":"Home","item":"https:\/\/www.borri.it\/"},{"@type":"ListItem","position":2,"name":"Sistemi di continuit\u00e0 per l&#8217;industria"}]},{"@type":"WebSite","@id":"https:\/\/www.borri.it\/#website","url":"https:\/\/www.borri.it\/","name":"Borri","description":"Soluzioni UPS per la protezione dell\u2019alimentazione","potentialAction":[{"@type":"SearchAction","target":{"@type":"EntryPoint","urlTemplate":"https:\/\/www.borri.it\/?s={search_term_string}"},"query-input":"required name=search_term_string"}],"inLanguage":"it-IT"}]}},"_links":{"self":[{"href":"https:\/\/www.borri.it\/it\/wp-json\/wp\/v2\/pages\/344"}],"collection":[{"href":"https:\/\/www.borri.it\/it\/wp-json\/wp\/v2\/pages"}],"about":[{"href":"https:\/\/www.borri.it\/it\/wp-json\/wp\/v2\/types\/page"}],"author":[{"embeddable":true,"href":"https:\/\/www.borri.it\/it\/wp-json\/wp\/v2\/users\/1"}],"replies":[{"embeddable":true,"href":"https:\/\/www.borri.it\/it\/wp-json\/wp\/v2\/comments?post=344"}],"version-history":[{"count":5,"href":"https:\/\/www.borri.it\/it\/wp-json\/wp\/v2\/pages\/344\/revisions"}],"predecessor-version":[{"id":14954,"href":"https:\/\/www.borri.it\/it\/wp-json\/wp\/v2\/pages\/344\/revisions\/14954"}],"wp:attachment":[{"href":"https:\/\/www.borri.it\/it\/wp-json\/wp\/v2\/media?parent=344"}],"curies":[{"name":"wp","href":"https:\/\/api.w.org\/{rel}","templated":true}]}}