{"id":4958,"date":"2016-11-18T11:19:33","date_gmt":"2016-11-18T10:19:33","guid":{"rendered":"https:\/\/www.borri.it\/service\/remote-monitoring\/"},"modified":"2025-07-21T12:33:04","modified_gmt":"2025-07-21T10:33:04","slug":"retrofitting","status":"publish","type":"page","link":"https:\/\/www.borri.it\/de\/service-und-wartung\/retrofitting\/","title":{"rendered":"Retrofitting"},"content":{"rendered":"","protected":false},"excerpt":{"rendered":"","protected":false},"author":1,"featured_media":0,"parent":4945,"menu_order":0,"comment_status":"closed","ping_status":"closed","template":"","meta":{"footnotes":""},"yoast_head":"<!-- This site is optimized with the Yoast SEO Premium plugin v21.9 (Yoast SEO v21.9.1) - https:\/\/yoast.com\/wordpress\/plugins\/seo\/ -->\n<title>USV-Retrofit &amp; Nachr\u00fcstungsl\u00f6sungen - Borri<\/title>\n<meta name=\"description\" content=\"Verl\u00e4ngern Sie die Lebensdauer Ihrer USV mit Borri-Retrofit: moderne Technik, geringere Kosten, keine Infrastruktur\u00e4nderungen.\" \/>\n<meta name=\"robots\" content=\"index, follow, max-snippet:-1, max-image-preview:large, max-video-preview:-1\" \/>\n<link rel=\"canonical\" href=\"https:\/\/www.borri.it\/service-and-maintenance\/retrofitting\/\" \/>\n<meta property=\"og:locale\" content=\"de_DE\" \/>\n<meta property=\"og:type\" content=\"article\" \/>\n<meta property=\"og:title\" content=\"Retrofitting\" \/>\n<meta property=\"og:description\" content=\"Verl\u00e4ngern Sie die Lebensdauer Ihrer USV mit Borri-Retrofit: moderne Technik, geringere Kosten, keine Infrastruktur\u00e4nderungen.\" \/>\n<meta property=\"og:url\" content=\"https:\/\/www.borri.it\/service-and-maintenance\/retrofitting\/\" \/>\n<meta property=\"og:site_name\" content=\"Borri\" \/>\n<meta property=\"article:modified_time\" content=\"2025-07-21T10:33:04+00:00\" \/>\n<meta name=\"twitter:card\" content=\"summary_large_image\" \/>\n<meta name=\"twitter:label1\" content=\"Gesch\u00e4tzte Lesezeit\" \/>\n\t<meta name=\"twitter:data1\" content=\"5\u00a0Minuten\" \/>\n<script type=\"application\/ld+json\" class=\"yoast-schema-graph\">{\"@context\":\"https:\/\/schema.org\",\"@graph\":[{\"@type\":\"WebPage\",\"@id\":\"https:\/\/www.borri.it\/service-and-maintenance\/retrofitting\/\",\"url\":\"https:\/\/www.borri.it\/service-and-maintenance\/retrofitting\/\",\"name\":\"USV-Retrofit & Nachr\u00fcstungsl\u00f6sungen - Borri\",\"isPartOf\":{\"@id\":\"https:\/\/www.borri.it\/#website\"},\"datePublished\":\"2016-11-18T10:19:33+00:00\",\"dateModified\":\"2025-07-21T10:33:04+00:00\",\"description\":\"Verl\u00e4ngern Sie die Lebensdauer Ihrer USV mit Borri-Retrofit: moderne Technik, geringere Kosten, keine Infrastruktur\u00e4nderungen.\",\"breadcrumb\":{\"@id\":\"https:\/\/www.borri.it\/service-and-maintenance\/retrofitting\/#breadcrumb\"},\"inLanguage\":\"de\",\"potentialAction\":[{\"@type\":\"ReadAction\",\"target\":[\"https:\/\/www.borri.it\/service-and-maintenance\/retrofitting\/\"]}]},{\"@type\":\"BreadcrumbList\",\"@id\":\"https:\/\/www.borri.it\/service-and-maintenance\/retrofitting\/#breadcrumb\",\"itemListElement\":[{\"@type\":\"ListItem\",\"position\":1,\"name\":\"Home\",\"item\":\"https:\/\/www.borri.it\/\"},{\"@type\":\"ListItem\",\"position\":2,\"name\":\"Service und Wartung\",\"item\":\"https:\/\/www.borri.it\/service-and-maintenance\/\"},{\"@type\":\"ListItem\",\"position\":3,\"name\":\"Retrofitting\"}]},{\"@type\":\"WebSite\",\"@id\":\"https:\/\/www.borri.it\/#website\",\"url\":\"https:\/\/www.borri.it\/\",\"name\":\"Borri\",\"description\":\"Soluzioni UPS per la protezione dell\u2019alimentazione\",\"potentialAction\":[{\"@type\":\"SearchAction\",\"target\":{\"@type\":\"EntryPoint\",\"urlTemplate\":\"https:\/\/www.borri.it\/?s={search_term_string}\"},\"query-input\":\"required name=search_term_string\"}],\"inLanguage\":\"de\"}]}<\/script>\n<!-- \/ Yoast SEO Premium plugin. -->","yoast_head_json":{"title":"USV-Retrofit & Nachr\u00fcstungsl\u00f6sungen - Borri","description":"Verl\u00e4ngern Sie die Lebensdauer Ihrer USV mit Borri-Retrofit: moderne Technik, geringere Kosten, keine Infrastruktur\u00e4nderungen.","robots":{"index":"index","follow":"follow","max-snippet":"max-snippet:-1","max-image-preview":"max-image-preview:large","max-video-preview":"max-video-preview:-1"},"canonical":"https:\/\/www.borri.it\/service-and-maintenance\/retrofitting\/","og_locale":"de_DE","og_type":"article","og_title":"Retrofitting","og_description":"Verl\u00e4ngern Sie die Lebensdauer Ihrer USV mit Borri-Retrofit: moderne Technik, geringere Kosten, keine Infrastruktur\u00e4nderungen.","og_url":"https:\/\/www.borri.it\/service-and-maintenance\/retrofitting\/","og_site_name":"Borri","article_modified_time":"2025-07-21T10:33:04+00:00","twitter_card":"summary_large_image","twitter_misc":{"Gesch\u00e4tzte Lesezeit":"5\u00a0Minuten"},"schema":{"@context":"https:\/\/schema.org","@graph":[{"@type":"WebPage","@id":"https:\/\/www.borri.it\/service-and-maintenance\/retrofitting\/","url":"https:\/\/www.borri.it\/service-and-maintenance\/retrofitting\/","name":"USV-Retrofit & Nachr\u00fcstungsl\u00f6sungen - Borri","isPartOf":{"@id":"https:\/\/www.borri.it\/#website"},"datePublished":"2016-11-18T10:19:33+00:00","dateModified":"2025-07-21T10:33:04+00:00","description":"Verl\u00e4ngern Sie die Lebensdauer Ihrer USV mit Borri-Retrofit: moderne Technik, geringere Kosten, keine Infrastruktur\u00e4nderungen.","breadcrumb":{"@id":"https:\/\/www.borri.it\/service-and-maintenance\/retrofitting\/#breadcrumb"},"inLanguage":"de","potentialAction":[{"@type":"ReadAction","target":["https:\/\/www.borri.it\/service-and-maintenance\/retrofitting\/"]}]},{"@type":"BreadcrumbList","@id":"https:\/\/www.borri.it\/service-and-maintenance\/retrofitting\/#breadcrumb","itemListElement":[{"@type":"ListItem","position":1,"name":"Home","item":"https:\/\/www.borri.it\/"},{"@type":"ListItem","position":2,"name":"Service und Wartung","item":"https:\/\/www.borri.it\/service-and-maintenance\/"},{"@type":"ListItem","position":3,"name":"Retrofitting"}]},{"@type":"WebSite","@id":"https:\/\/www.borri.it\/#website","url":"https:\/\/www.borri.it\/","name":"Borri","description":"Soluzioni UPS per la protezione dell\u2019alimentazione","potentialAction":[{"@type":"SearchAction","target":{"@type":"EntryPoint","urlTemplate":"https:\/\/www.borri.it\/?s={search_term_string}"},"query-input":"required name=search_term_string"}],"inLanguage":"de"}]}},"_links":{"self":[{"href":"https:\/\/www.borri.it\/de\/wp-json\/wp\/v2\/pages\/4958"}],"collection":[{"href":"https:\/\/www.borri.it\/de\/wp-json\/wp\/v2\/pages"}],"about":[{"href":"https:\/\/www.borri.it\/de\/wp-json\/wp\/v2\/types\/page"}],"author":[{"embeddable":true,"href":"https:\/\/www.borri.it\/de\/wp-json\/wp\/v2\/users\/1"}],"replies":[{"embeddable":true,"href":"https:\/\/www.borri.it\/de\/wp-json\/wp\/v2\/comments?post=4958"}],"version-history":[{"count":6,"href":"https:\/\/www.borri.it\/de\/wp-json\/wp\/v2\/pages\/4958\/revisions"}],"predecessor-version":[{"id":16173,"href":"https:\/\/www.borri.it\/de\/wp-json\/wp\/v2\/pages\/4958\/revisions\/16173"}],"up":[{"embeddable":true,"href":"https:\/\/www.borri.it\/de\/wp-json\/wp\/v2\/pages\/4945"}],"wp:attachment":[{"href":"https:\/\/www.borri.it\/de\/wp-json\/wp\/v2\/media?parent=4958"}],"curies":[{"name":"wp","href":"https:\/\/api.w.org\/{rel}","templated":true}]}}