{"id":4954,"date":"2016-11-18T11:18:55","date_gmt":"2016-11-18T10:18:55","guid":{"rendered":"https:\/\/www.borri.it\/service\/repair-spare-parts\/"},"modified":"2025-07-21T12:37:48","modified_gmt":"2025-07-21T10:37:48","slug":"reparaturen-und-ersatzteile","status":"publish","type":"page","link":"https:\/\/www.borri.it\/de\/service-und-wartung\/reparaturen-und-ersatzteile\/","title":{"rendered":"Ersatzteile und Reparatur"},"content":{"rendered":"","protected":false},"excerpt":{"rendered":"","protected":false},"author":1,"featured_media":0,"parent":4945,"menu_order":0,"comment_status":"closed","ping_status":"closed","template":"","meta":{"footnotes":""},"yoast_head":"<!-- This site is optimized with the Yoast SEO Premium plugin v21.9 (Yoast SEO v21.9.1) - https:\/\/yoast.com\/wordpress\/plugins\/seo\/ -->\n<title>USV-Ersatzteile &amp; Reparaturservice - Borri<\/title>\n<meta name=\"description\" content=\"Originalteile von Borri-gepr\u00fcft, kompatibel und verf\u00fcgbar bis zu 10 Jahre nach Abk\u00fcndigung. Schnelle Reparaturen durch vorr\u00e4tige Komponenten.\" \/>\n<meta name=\"robots\" content=\"index, follow, max-snippet:-1, max-image-preview:large, max-video-preview:-1\" \/>\n<link rel=\"canonical\" href=\"https:\/\/www.borri.it\/service-and-maintenance\/spare-parts-and-repair\/\" \/>\n<meta property=\"og:locale\" content=\"de_DE\" \/>\n<meta property=\"og:type\" content=\"article\" \/>\n<meta property=\"og:title\" content=\"Ersatzteile und Reparatur\" \/>\n<meta property=\"og:description\" content=\"Originalteile von Borri-gepr\u00fcft, kompatibel und verf\u00fcgbar bis zu 10 Jahre nach Abk\u00fcndigung. Schnelle Reparaturen durch vorr\u00e4tige Komponenten.\" \/>\n<meta property=\"og:url\" content=\"https:\/\/www.borri.it\/service-and-maintenance\/spare-parts-and-repair\/\" \/>\n<meta property=\"og:site_name\" content=\"Borri\" \/>\n<meta property=\"article:modified_time\" content=\"2025-07-21T10:37:48+00:00\" \/>\n<meta name=\"twitter:card\" content=\"summary_large_image\" \/>\n<meta name=\"twitter:label1\" content=\"Gesch\u00e4tzte Lesezeit\" \/>\n\t<meta name=\"twitter:data1\" content=\"3\u00a0Minuten\" \/>\n<script type=\"application\/ld+json\" class=\"yoast-schema-graph\">{\"@context\":\"https:\/\/schema.org\",\"@graph\":[{\"@type\":\"WebPage\",\"@id\":\"https:\/\/www.borri.it\/service-and-maintenance\/spare-parts-and-repair\/\",\"url\":\"https:\/\/www.borri.it\/service-and-maintenance\/spare-parts-and-repair\/\",\"name\":\"USV-Ersatzteile & Reparaturservice - Borri\",\"isPartOf\":{\"@id\":\"https:\/\/www.borri.it\/#website\"},\"datePublished\":\"2016-11-18T10:18:55+00:00\",\"dateModified\":\"2025-07-21T10:37:48+00:00\",\"description\":\"Originalteile von Borri-gepr\u00fcft, kompatibel und verf\u00fcgbar bis zu 10 Jahre nach Abk\u00fcndigung. Schnelle Reparaturen durch vorr\u00e4tige Komponenten.\",\"breadcrumb\":{\"@id\":\"https:\/\/www.borri.it\/service-and-maintenance\/spare-parts-and-repair\/#breadcrumb\"},\"inLanguage\":\"de\",\"potentialAction\":[{\"@type\":\"ReadAction\",\"target\":[\"https:\/\/www.borri.it\/service-and-maintenance\/spare-parts-and-repair\/\"]}]},{\"@type\":\"BreadcrumbList\",\"@id\":\"https:\/\/www.borri.it\/service-and-maintenance\/spare-parts-and-repair\/#breadcrumb\",\"itemListElement\":[{\"@type\":\"ListItem\",\"position\":1,\"name\":\"Home\",\"item\":\"https:\/\/www.borri.it\/\"},{\"@type\":\"ListItem\",\"position\":2,\"name\":\"Service und Wartung\",\"item\":\"https:\/\/www.borri.it\/service-and-maintenance\/\"},{\"@type\":\"ListItem\",\"position\":3,\"name\":\"Ersatzteile und Reparatur\"}]},{\"@type\":\"WebSite\",\"@id\":\"https:\/\/www.borri.it\/#website\",\"url\":\"https:\/\/www.borri.it\/\",\"name\":\"Borri\",\"description\":\"Soluzioni UPS per la protezione dell\u2019alimentazione\",\"potentialAction\":[{\"@type\":\"SearchAction\",\"target\":{\"@type\":\"EntryPoint\",\"urlTemplate\":\"https:\/\/www.borri.it\/?s={search_term_string}\"},\"query-input\":\"required name=search_term_string\"}],\"inLanguage\":\"de\"}]}<\/script>\n<!-- \/ Yoast SEO Premium plugin. -->","yoast_head_json":{"title":"USV-Ersatzteile & Reparaturservice - Borri","description":"Originalteile von Borri-gepr\u00fcft, kompatibel und verf\u00fcgbar bis zu 10 Jahre nach Abk\u00fcndigung. Schnelle Reparaturen durch vorr\u00e4tige Komponenten.","robots":{"index":"index","follow":"follow","max-snippet":"max-snippet:-1","max-image-preview":"max-image-preview:large","max-video-preview":"max-video-preview:-1"},"canonical":"https:\/\/www.borri.it\/service-and-maintenance\/spare-parts-and-repair\/","og_locale":"de_DE","og_type":"article","og_title":"Ersatzteile und Reparatur","og_description":"Originalteile von Borri-gepr\u00fcft, kompatibel und verf\u00fcgbar bis zu 10 Jahre nach Abk\u00fcndigung. Schnelle Reparaturen durch vorr\u00e4tige Komponenten.","og_url":"https:\/\/www.borri.it\/service-and-maintenance\/spare-parts-and-repair\/","og_site_name":"Borri","article_modified_time":"2025-07-21T10:37:48+00:00","twitter_card":"summary_large_image","twitter_misc":{"Gesch\u00e4tzte Lesezeit":"3\u00a0Minuten"},"schema":{"@context":"https:\/\/schema.org","@graph":[{"@type":"WebPage","@id":"https:\/\/www.borri.it\/service-and-maintenance\/spare-parts-and-repair\/","url":"https:\/\/www.borri.it\/service-and-maintenance\/spare-parts-and-repair\/","name":"USV-Ersatzteile & Reparaturservice - Borri","isPartOf":{"@id":"https:\/\/www.borri.it\/#website"},"datePublished":"2016-11-18T10:18:55+00:00","dateModified":"2025-07-21T10:37:48+00:00","description":"Originalteile von Borri-gepr\u00fcft, kompatibel und verf\u00fcgbar bis zu 10 Jahre nach Abk\u00fcndigung. Schnelle Reparaturen durch vorr\u00e4tige Komponenten.","breadcrumb":{"@id":"https:\/\/www.borri.it\/service-and-maintenance\/spare-parts-and-repair\/#breadcrumb"},"inLanguage":"de","potentialAction":[{"@type":"ReadAction","target":["https:\/\/www.borri.it\/service-and-maintenance\/spare-parts-and-repair\/"]}]},{"@type":"BreadcrumbList","@id":"https:\/\/www.borri.it\/service-and-maintenance\/spare-parts-and-repair\/#breadcrumb","itemListElement":[{"@type":"ListItem","position":1,"name":"Home","item":"https:\/\/www.borri.it\/"},{"@type":"ListItem","position":2,"name":"Service und Wartung","item":"https:\/\/www.borri.it\/service-and-maintenance\/"},{"@type":"ListItem","position":3,"name":"Ersatzteile und Reparatur"}]},{"@type":"WebSite","@id":"https:\/\/www.borri.it\/#website","url":"https:\/\/www.borri.it\/","name":"Borri","description":"Soluzioni UPS per la protezione dell\u2019alimentazione","potentialAction":[{"@type":"SearchAction","target":{"@type":"EntryPoint","urlTemplate":"https:\/\/www.borri.it\/?s={search_term_string}"},"query-input":"required name=search_term_string"}],"inLanguage":"de"}]}},"_links":{"self":[{"href":"https:\/\/www.borri.it\/de\/wp-json\/wp\/v2\/pages\/4954"}],"collection":[{"href":"https:\/\/www.borri.it\/de\/wp-json\/wp\/v2\/pages"}],"about":[{"href":"https:\/\/www.borri.it\/de\/wp-json\/wp\/v2\/types\/page"}],"author":[{"embeddable":true,"href":"https:\/\/www.borri.it\/de\/wp-json\/wp\/v2\/users\/1"}],"replies":[{"embeddable":true,"href":"https:\/\/www.borri.it\/de\/wp-json\/wp\/v2\/comments?post=4954"}],"version-history":[{"count":5,"href":"https:\/\/www.borri.it\/de\/wp-json\/wp\/v2\/pages\/4954\/revisions"}],"predecessor-version":[{"id":16178,"href":"https:\/\/www.borri.it\/de\/wp-json\/wp\/v2\/pages\/4954\/revisions\/16178"}],"up":[{"embeddable":true,"href":"https:\/\/www.borri.it\/de\/wp-json\/wp\/v2\/pages\/4945"}],"wp:attachment":[{"href":"https:\/\/www.borri.it\/de\/wp-json\/wp\/v2\/media?parent=4954"}],"curies":[{"name":"wp","href":"https:\/\/api.w.org\/{rel}","templated":true}]}}