{"id":4802,"date":"2016-11-14T10:12:45","date_gmt":"2016-11-14T09:12:45","guid":{"rendered":"https:\/\/www.borri.it\/industrial-power\/power-generation-and-water-treatment\/"},"modified":"2022-02-04T16:14:13","modified_gmt":"2022-02-04T15:14:13","slug":"energieerzeugung-und-wasseraufbereitung","status":"publish","type":"page","link":"https:\/\/www.borri.it\/de\/industrial-power\/energieerzeugung-und-wasseraufbereitung\/","title":{"rendered":"Energieerzeugung und Wasseraufbereitung"},"content":{"rendered":"","protected":false},"excerpt":{"rendered":"","protected":false},"author":1,"featured_media":0,"parent":4798,"menu_order":0,"comment_status":"closed","ping_status":"closed","template":"","meta":{"footnotes":""},"yoast_head":"<!-- This site is optimized with the Yoast SEO Premium plugin v21.9 (Yoast SEO v21.9.1) - https:\/\/yoast.com\/wordpress\/plugins\/seo\/ -->\n<title>Energieerzeugung und Wasseraufbereitung - Borri<\/title>\n<meta name=\"description\" content=\"Borri USVs f\u00fcr Energieerzeugung und Wasseraufbereitung haben eine lange Lebensdauer, die alle internationalen Standards vollst\u00e4ndig erf\u00fcllt.\" \/>\n<meta name=\"robots\" content=\"index, follow, max-snippet:-1, max-image-preview:large, max-video-preview:-1\" \/>\n<link rel=\"canonical\" href=\"https:\/\/www.borri.it\/industrial-power\/power-generation-and-water-treatment\/\" \/>\n<meta property=\"og:locale\" content=\"de_DE\" \/>\n<meta property=\"og:type\" content=\"article\" \/>\n<meta property=\"og:title\" content=\"Energieerzeugung und Wasseraufbereitung\" \/>\n<meta property=\"og:description\" content=\"Borri USVs f\u00fcr Energieerzeugung und Wasseraufbereitung haben eine lange Lebensdauer, die alle internationalen Standards vollst\u00e4ndig erf\u00fcllt.\" \/>\n<meta property=\"og:url\" content=\"https:\/\/www.borri.it\/industrial-power\/power-generation-and-water-treatment\/\" \/>\n<meta property=\"og:site_name\" content=\"Borri\" \/>\n<meta property=\"article:modified_time\" content=\"2022-02-04T15:14:13+00:00\" \/>\n<meta name=\"twitter:card\" content=\"summary_large_image\" \/>\n<script type=\"application\/ld+json\" class=\"yoast-schema-graph\">{\"@context\":\"https:\/\/schema.org\",\"@graph\":[{\"@type\":\"WebPage\",\"@id\":\"https:\/\/www.borri.it\/industrial-power\/power-generation-and-water-treatment\/\",\"url\":\"https:\/\/www.borri.it\/industrial-power\/power-generation-and-water-treatment\/\",\"name\":\"Energieerzeugung und Wasseraufbereitung - Borri\",\"isPartOf\":{\"@id\":\"https:\/\/www.borri.it\/#website\"},\"datePublished\":\"2016-11-14T09:12:45+00:00\",\"dateModified\":\"2022-02-04T15:14:13+00:00\",\"description\":\"Borri USVs f\u00fcr Energieerzeugung und Wasseraufbereitung haben eine lange Lebensdauer, die alle internationalen Standards vollst\u00e4ndig erf\u00fcllt.\",\"breadcrumb\":{\"@id\":\"https:\/\/www.borri.it\/industrial-power\/power-generation-and-water-treatment\/#breadcrumb\"},\"inLanguage\":\"de\",\"potentialAction\":[{\"@type\":\"ReadAction\",\"target\":[\"https:\/\/www.borri.it\/industrial-power\/power-generation-and-water-treatment\/\"]}]},{\"@type\":\"BreadcrumbList\",\"@id\":\"https:\/\/www.borri.it\/industrial-power\/power-generation-and-water-treatment\/#breadcrumb\",\"itemListElement\":[{\"@type\":\"ListItem\",\"position\":1,\"name\":\"Home\",\"item\":\"https:\/\/www.borri.it\/\"},{\"@type\":\"ListItem\",\"position\":2,\"name\":\"Industrial Power\",\"item\":\"https:\/\/www.borri.it\/industrial-power\/\"},{\"@type\":\"ListItem\",\"position\":3,\"name\":\"Energieerzeugung und Wasseraufbereitung\"}]},{\"@type\":\"WebSite\",\"@id\":\"https:\/\/www.borri.it\/#website\",\"url\":\"https:\/\/www.borri.it\/\",\"name\":\"Borri\",\"description\":\"Soluzioni UPS per la protezione dell\u2019alimentazione\",\"potentialAction\":[{\"@type\":\"SearchAction\",\"target\":{\"@type\":\"EntryPoint\",\"urlTemplate\":\"https:\/\/www.borri.it\/?s={search_term_string}\"},\"query-input\":\"required name=search_term_string\"}],\"inLanguage\":\"de\"}]}<\/script>\n<!-- \/ Yoast SEO Premium plugin. -->","yoast_head_json":{"title":"Energieerzeugung und Wasseraufbereitung - Borri","description":"Borri USVs f\u00fcr Energieerzeugung und Wasseraufbereitung haben eine lange Lebensdauer, die alle internationalen Standards vollst\u00e4ndig erf\u00fcllt.","robots":{"index":"index","follow":"follow","max-snippet":"max-snippet:-1","max-image-preview":"max-image-preview:large","max-video-preview":"max-video-preview:-1"},"canonical":"https:\/\/www.borri.it\/industrial-power\/power-generation-and-water-treatment\/","og_locale":"de_DE","og_type":"article","og_title":"Energieerzeugung und Wasseraufbereitung","og_description":"Borri USVs f\u00fcr Energieerzeugung und Wasseraufbereitung haben eine lange Lebensdauer, die alle internationalen Standards vollst\u00e4ndig erf\u00fcllt.","og_url":"https:\/\/www.borri.it\/industrial-power\/power-generation-and-water-treatment\/","og_site_name":"Borri","article_modified_time":"2022-02-04T15:14:13+00:00","twitter_card":"summary_large_image","schema":{"@context":"https:\/\/schema.org","@graph":[{"@type":"WebPage","@id":"https:\/\/www.borri.it\/industrial-power\/power-generation-and-water-treatment\/","url":"https:\/\/www.borri.it\/industrial-power\/power-generation-and-water-treatment\/","name":"Energieerzeugung und Wasseraufbereitung - Borri","isPartOf":{"@id":"https:\/\/www.borri.it\/#website"},"datePublished":"2016-11-14T09:12:45+00:00","dateModified":"2022-02-04T15:14:13+00:00","description":"Borri USVs f\u00fcr Energieerzeugung und Wasseraufbereitung haben eine lange Lebensdauer, die alle internationalen Standards vollst\u00e4ndig erf\u00fcllt.","breadcrumb":{"@id":"https:\/\/www.borri.it\/industrial-power\/power-generation-and-water-treatment\/#breadcrumb"},"inLanguage":"de","potentialAction":[{"@type":"ReadAction","target":["https:\/\/www.borri.it\/industrial-power\/power-generation-and-water-treatment\/"]}]},{"@type":"BreadcrumbList","@id":"https:\/\/www.borri.it\/industrial-power\/power-generation-and-water-treatment\/#breadcrumb","itemListElement":[{"@type":"ListItem","position":1,"name":"Home","item":"https:\/\/www.borri.it\/"},{"@type":"ListItem","position":2,"name":"Industrial Power","item":"https:\/\/www.borri.it\/industrial-power\/"},{"@type":"ListItem","position":3,"name":"Energieerzeugung und Wasseraufbereitung"}]},{"@type":"WebSite","@id":"https:\/\/www.borri.it\/#website","url":"https:\/\/www.borri.it\/","name":"Borri","description":"Soluzioni UPS per la protezione dell\u2019alimentazione","potentialAction":[{"@type":"SearchAction","target":{"@type":"EntryPoint","urlTemplate":"https:\/\/www.borri.it\/?s={search_term_string}"},"query-input":"required name=search_term_string"}],"inLanguage":"de"}]}},"_links":{"self":[{"href":"https:\/\/www.borri.it\/de\/wp-json\/wp\/v2\/pages\/4802"}],"collection":[{"href":"https:\/\/www.borri.it\/de\/wp-json\/wp\/v2\/pages"}],"about":[{"href":"https:\/\/www.borri.it\/de\/wp-json\/wp\/v2\/types\/page"}],"author":[{"embeddable":true,"href":"https:\/\/www.borri.it\/de\/wp-json\/wp\/v2\/users\/1"}],"replies":[{"embeddable":true,"href":"https:\/\/www.borri.it\/de\/wp-json\/wp\/v2\/comments?post=4802"}],"version-history":[{"count":5,"href":"https:\/\/www.borri.it\/de\/wp-json\/wp\/v2\/pages\/4802\/revisions"}],"predecessor-version":[{"id":12501,"href":"https:\/\/www.borri.it\/de\/wp-json\/wp\/v2\/pages\/4802\/revisions\/12501"}],"up":[{"embeddable":true,"href":"https:\/\/www.borri.it\/de\/wp-json\/wp\/v2\/pages\/4798"}],"wp:attachment":[{"href":"https:\/\/www.borri.it\/de\/wp-json\/wp\/v2\/media?parent=4802"}],"curies":[{"name":"wp","href":"https:\/\/api.w.org\/{rel}","templated":true}]}}