{"id":4794,"date":"2016-11-14T10:11:53","date_gmt":"2016-11-14T09:11:53","guid":{"rendered":"https:\/\/www.borri.it\/critical-power-pi\/building-automation\/"},"modified":"2021-03-01T11:24:45","modified_gmt":"2021-03-01T10:24:45","slug":"gebaeudeautomation","status":"publish","type":"page","link":"https:\/\/www.borri.it\/de\/critical-power-industrie-service-anwendungen\/gebaeudeautomation\/","title":{"rendered":"Geb\u00e4udeautomation"},"content":{"rendered":"","protected":false},"excerpt":{"rendered":"","protected":false},"author":1,"featured_media":0,"parent":4775,"menu_order":0,"comment_status":"closed","ping_status":"closed","template":"","meta":{"footnotes":""},"yoast_head":"<!-- This site is optimized with the Yoast SEO Premium plugin v21.9 (Yoast SEO v21.9.1) - https:\/\/yoast.com\/wordpress\/plugins\/seo\/ -->\n<title>Geb\u00e4udeautomation - Borri<\/title>\n<meta name=\"description\" content=\"Borri bietet zuverl\u00e4ssige USV-L\u00f6sungen f\u00fcr die Geb\u00e4udeautomation, die auf Energieeinsparung und Nachhaltigkeit ausgelegt sind.\" \/>\n<meta name=\"robots\" content=\"index, follow, max-snippet:-1, max-image-preview:large, max-video-preview:-1\" \/>\n<link rel=\"canonical\" href=\"https:\/\/www.borri.it\/de\/critical-power-industrie-service-anwendungen\/gebaeudeautomation\/\" \/>\n<meta property=\"og:locale\" content=\"de_DE\" \/>\n<meta property=\"og:type\" content=\"article\" \/>\n<meta property=\"og:title\" content=\"Geb\u00e4udeautomation\" \/>\n<meta property=\"og:description\" content=\"Borri bietet zuverl\u00e4ssige USV-L\u00f6sungen f\u00fcr die Geb\u00e4udeautomation, die auf Energieeinsparung und Nachhaltigkeit ausgelegt sind.\" \/>\n<meta property=\"og:url\" content=\"https:\/\/www.borri.it\/de\/critical-power-industrie-service-anwendungen\/gebaeudeautomation\/\" \/>\n<meta property=\"og:site_name\" content=\"Borri\" \/>\n<meta property=\"article:modified_time\" content=\"2021-03-01T10:24:45+00:00\" \/>\n<meta name=\"twitter:card\" content=\"summary_large_image\" \/>\n<script type=\"application\/ld+json\" class=\"yoast-schema-graph\">{\"@context\":\"https:\/\/schema.org\",\"@graph\":[{\"@type\":\"WebPage\",\"@id\":\"https:\/\/www.borri.it\/de\/critical-power-industrie-service-anwendungen\/gebaeudeautomation\/\",\"url\":\"https:\/\/www.borri.it\/de\/critical-power-industrie-service-anwendungen\/gebaeudeautomation\/\",\"name\":\"Geb\u00e4udeautomation - Borri\",\"isPartOf\":{\"@id\":\"https:\/\/www.borri.it\/#website\"},\"datePublished\":\"2016-11-14T09:11:53+00:00\",\"dateModified\":\"2021-03-01T10:24:45+00:00\",\"description\":\"Borri bietet zuverl\u00e4ssige USV-L\u00f6sungen f\u00fcr die Geb\u00e4udeautomation, die auf Energieeinsparung und Nachhaltigkeit ausgelegt sind.\",\"breadcrumb\":{\"@id\":\"https:\/\/www.borri.it\/de\/critical-power-industrie-service-anwendungen\/gebaeudeautomation\/#breadcrumb\"},\"inLanguage\":\"de\",\"potentialAction\":[{\"@type\":\"ReadAction\",\"target\":[\"https:\/\/www.borri.it\/de\/critical-power-industrie-service-anwendungen\/gebaeudeautomation\/\"]}]},{\"@type\":\"BreadcrumbList\",\"@id\":\"https:\/\/www.borri.it\/de\/critical-power-industrie-service-anwendungen\/gebaeudeautomation\/#breadcrumb\",\"itemListElement\":[{\"@type\":\"ListItem\",\"position\":1,\"name\":\"Home\",\"item\":\"https:\/\/www.borri.it\/\"},{\"@type\":\"ListItem\",\"position\":2,\"name\":\"Critical Power-USVs f\u00fcr Industrie und Service\",\"item\":\"https:\/\/www.borri.it\/de\/critical-power-industrie-service-anwendungen\/\"},{\"@type\":\"ListItem\",\"position\":3,\"name\":\"Geb\u00e4udeautomation\"}]},{\"@type\":\"WebSite\",\"@id\":\"https:\/\/www.borri.it\/#website\",\"url\":\"https:\/\/www.borri.it\/\",\"name\":\"Borri\",\"description\":\"Soluzioni UPS per la protezione dell\u2019alimentazione\",\"potentialAction\":[{\"@type\":\"SearchAction\",\"target\":{\"@type\":\"EntryPoint\",\"urlTemplate\":\"https:\/\/www.borri.it\/?s={search_term_string}\"},\"query-input\":\"required name=search_term_string\"}],\"inLanguage\":\"de\"}]}<\/script>\n<!-- \/ Yoast SEO Premium plugin. -->","yoast_head_json":{"title":"Geb\u00e4udeautomation - Borri","description":"Borri bietet zuverl\u00e4ssige USV-L\u00f6sungen f\u00fcr die Geb\u00e4udeautomation, die auf Energieeinsparung und Nachhaltigkeit ausgelegt sind.","robots":{"index":"index","follow":"follow","max-snippet":"max-snippet:-1","max-image-preview":"max-image-preview:large","max-video-preview":"max-video-preview:-1"},"canonical":"https:\/\/www.borri.it\/de\/critical-power-industrie-service-anwendungen\/gebaeudeautomation\/","og_locale":"de_DE","og_type":"article","og_title":"Geb\u00e4udeautomation","og_description":"Borri bietet zuverl\u00e4ssige USV-L\u00f6sungen f\u00fcr die Geb\u00e4udeautomation, die auf Energieeinsparung und Nachhaltigkeit ausgelegt sind.","og_url":"https:\/\/www.borri.it\/de\/critical-power-industrie-service-anwendungen\/gebaeudeautomation\/","og_site_name":"Borri","article_modified_time":"2021-03-01T10:24:45+00:00","twitter_card":"summary_large_image","schema":{"@context":"https:\/\/schema.org","@graph":[{"@type":"WebPage","@id":"https:\/\/www.borri.it\/de\/critical-power-industrie-service-anwendungen\/gebaeudeautomation\/","url":"https:\/\/www.borri.it\/de\/critical-power-industrie-service-anwendungen\/gebaeudeautomation\/","name":"Geb\u00e4udeautomation - Borri","isPartOf":{"@id":"https:\/\/www.borri.it\/#website"},"datePublished":"2016-11-14T09:11:53+00:00","dateModified":"2021-03-01T10:24:45+00:00","description":"Borri bietet zuverl\u00e4ssige USV-L\u00f6sungen f\u00fcr die Geb\u00e4udeautomation, die auf Energieeinsparung und Nachhaltigkeit ausgelegt sind.","breadcrumb":{"@id":"https:\/\/www.borri.it\/de\/critical-power-industrie-service-anwendungen\/gebaeudeautomation\/#breadcrumb"},"inLanguage":"de","potentialAction":[{"@type":"ReadAction","target":["https:\/\/www.borri.it\/de\/critical-power-industrie-service-anwendungen\/gebaeudeautomation\/"]}]},{"@type":"BreadcrumbList","@id":"https:\/\/www.borri.it\/de\/critical-power-industrie-service-anwendungen\/gebaeudeautomation\/#breadcrumb","itemListElement":[{"@type":"ListItem","position":1,"name":"Home","item":"https:\/\/www.borri.it\/"},{"@type":"ListItem","position":2,"name":"Critical Power-USVs f\u00fcr Industrie und Service","item":"https:\/\/www.borri.it\/de\/critical-power-industrie-service-anwendungen\/"},{"@type":"ListItem","position":3,"name":"Geb\u00e4udeautomation"}]},{"@type":"WebSite","@id":"https:\/\/www.borri.it\/#website","url":"https:\/\/www.borri.it\/","name":"Borri","description":"Soluzioni UPS per la protezione dell\u2019alimentazione","potentialAction":[{"@type":"SearchAction","target":{"@type":"EntryPoint","urlTemplate":"https:\/\/www.borri.it\/?s={search_term_string}"},"query-input":"required name=search_term_string"}],"inLanguage":"de"}]}},"_links":{"self":[{"href":"https:\/\/www.borri.it\/de\/wp-json\/wp\/v2\/pages\/4794"}],"collection":[{"href":"https:\/\/www.borri.it\/de\/wp-json\/wp\/v2\/pages"}],"about":[{"href":"https:\/\/www.borri.it\/de\/wp-json\/wp\/v2\/types\/page"}],"author":[{"embeddable":true,"href":"https:\/\/www.borri.it\/de\/wp-json\/wp\/v2\/users\/1"}],"replies":[{"embeddable":true,"href":"https:\/\/www.borri.it\/de\/wp-json\/wp\/v2\/comments?post=4794"}],"version-history":[{"count":5,"href":"https:\/\/www.borri.it\/de\/wp-json\/wp\/v2\/pages\/4794\/revisions"}],"predecessor-version":[{"id":10168,"href":"https:\/\/www.borri.it\/de\/wp-json\/wp\/v2\/pages\/4794\/revisions\/10168"}],"up":[{"embeddable":true,"href":"https:\/\/www.borri.it\/de\/wp-json\/wp\/v2\/pages\/4775"}],"wp:attachment":[{"href":"https:\/\/www.borri.it\/de\/wp-json\/wp\/v2\/media?parent=4794"}],"curies":[{"name":"wp","href":"https:\/\/api.w.org\/{rel}","templated":true}]}}