{"id":4790,"date":"2016-11-14T10:11:24","date_gmt":"2016-11-14T09:11:24","guid":{"rendered":"https:\/\/www.borri.it\/critical-power-pi\/industrial-control-process-automation\/"},"modified":"2021-03-01T11:11:00","modified_gmt":"2021-03-01T10:11:00","slug":"industriesteuerungen-und-prozessautomatisierung","status":"publish","type":"page","link":"https:\/\/www.borri.it\/de\/critical-power-industrie-service-anwendungen\/industriesteuerungen-und-prozessautomatisierung\/","title":{"rendered":"Industriesteuerungen und Prozessautomatisierung"},"content":{"rendered":"","protected":false},"excerpt":{"rendered":"","protected":false},"author":1,"featured_media":0,"parent":4775,"menu_order":0,"comment_status":"closed","ping_status":"closed","template":"","meta":{"footnotes":""},"yoast_head":"<!-- This site is optimized with the Yoast SEO Premium plugin v21.9 (Yoast SEO v21.9.1) - https:\/\/yoast.com\/wordpress\/plugins\/seo\/ -->\n<title>Industriesteuerungen und Prozessautomatisierung - Borri<\/title>\n<meta name=\"description\" content=\"Borri-USVs f\u00fcr Industriesteuerungen und Prozessautomatisierung sind zuverl\u00e4ssige, robuste und stabile Stromversorgungsl\u00f6sungen.\" \/>\n<meta name=\"robots\" content=\"index, follow, max-snippet:-1, max-image-preview:large, max-video-preview:-1\" \/>\n<link rel=\"canonical\" href=\"https:\/\/www.borri.it\/de\/critical-power-industrie-service-anwendungen\/industriesteuerungen-und-prozessautomatisierung\/\" \/>\n<meta property=\"og:locale\" content=\"de_DE\" \/>\n<meta property=\"og:type\" content=\"article\" \/>\n<meta property=\"og:title\" content=\"Industriesteuerungen und Prozessautomatisierung\" \/>\n<meta property=\"og:description\" content=\"Borri-USVs f\u00fcr Industriesteuerungen und Prozessautomatisierung sind zuverl\u00e4ssige, robuste und stabile Stromversorgungsl\u00f6sungen.\" \/>\n<meta property=\"og:url\" content=\"https:\/\/www.borri.it\/de\/critical-power-industrie-service-anwendungen\/industriesteuerungen-und-prozessautomatisierung\/\" \/>\n<meta property=\"og:site_name\" content=\"Borri\" \/>\n<meta property=\"article:modified_time\" content=\"2021-03-01T10:11:00+00:00\" \/>\n<meta name=\"twitter:card\" content=\"summary_large_image\" \/>\n<script type=\"application\/ld+json\" class=\"yoast-schema-graph\">{\"@context\":\"https:\/\/schema.org\",\"@graph\":[{\"@type\":\"WebPage\",\"@id\":\"https:\/\/www.borri.it\/de\/critical-power-industrie-service-anwendungen\/industriesteuerungen-und-prozessautomatisierung\/\",\"url\":\"https:\/\/www.borri.it\/de\/critical-power-industrie-service-anwendungen\/industriesteuerungen-und-prozessautomatisierung\/\",\"name\":\"Industriesteuerungen und Prozessautomatisierung - Borri\",\"isPartOf\":{\"@id\":\"https:\/\/www.borri.it\/#website\"},\"datePublished\":\"2016-11-14T09:11:24+00:00\",\"dateModified\":\"2021-03-01T10:11:00+00:00\",\"description\":\"Borri-USVs f\u00fcr Industriesteuerungen und Prozessautomatisierung sind zuverl\u00e4ssige, robuste und stabile Stromversorgungsl\u00f6sungen.\",\"breadcrumb\":{\"@id\":\"https:\/\/www.borri.it\/de\/critical-power-industrie-service-anwendungen\/industriesteuerungen-und-prozessautomatisierung\/#breadcrumb\"},\"inLanguage\":\"de\",\"potentialAction\":[{\"@type\":\"ReadAction\",\"target\":[\"https:\/\/www.borri.it\/de\/critical-power-industrie-service-anwendungen\/industriesteuerungen-und-prozessautomatisierung\/\"]}]},{\"@type\":\"BreadcrumbList\",\"@id\":\"https:\/\/www.borri.it\/de\/critical-power-industrie-service-anwendungen\/industriesteuerungen-und-prozessautomatisierung\/#breadcrumb\",\"itemListElement\":[{\"@type\":\"ListItem\",\"position\":1,\"name\":\"Home\",\"item\":\"https:\/\/www.borri.it\/\"},{\"@type\":\"ListItem\",\"position\":2,\"name\":\"Critical Power-USVs f\u00fcr Industrie und Service\",\"item\":\"https:\/\/www.borri.it\/de\/critical-power-industrie-service-anwendungen\/\"},{\"@type\":\"ListItem\",\"position\":3,\"name\":\"Industriesteuerungen und Prozessautomatisierung\"}]},{\"@type\":\"WebSite\",\"@id\":\"https:\/\/www.borri.it\/#website\",\"url\":\"https:\/\/www.borri.it\/\",\"name\":\"Borri\",\"description\":\"Soluzioni UPS per la protezione dell\u2019alimentazione\",\"potentialAction\":[{\"@type\":\"SearchAction\",\"target\":{\"@type\":\"EntryPoint\",\"urlTemplate\":\"https:\/\/www.borri.it\/?s={search_term_string}\"},\"query-input\":\"required name=search_term_string\"}],\"inLanguage\":\"de\"}]}<\/script>\n<!-- \/ Yoast SEO Premium plugin. -->","yoast_head_json":{"title":"Industriesteuerungen und Prozessautomatisierung - Borri","description":"Borri-USVs f\u00fcr Industriesteuerungen und Prozessautomatisierung sind zuverl\u00e4ssige, robuste und stabile Stromversorgungsl\u00f6sungen.","robots":{"index":"index","follow":"follow","max-snippet":"max-snippet:-1","max-image-preview":"max-image-preview:large","max-video-preview":"max-video-preview:-1"},"canonical":"https:\/\/www.borri.it\/de\/critical-power-industrie-service-anwendungen\/industriesteuerungen-und-prozessautomatisierung\/","og_locale":"de_DE","og_type":"article","og_title":"Industriesteuerungen und Prozessautomatisierung","og_description":"Borri-USVs f\u00fcr Industriesteuerungen und Prozessautomatisierung sind zuverl\u00e4ssige, robuste und stabile Stromversorgungsl\u00f6sungen.","og_url":"https:\/\/www.borri.it\/de\/critical-power-industrie-service-anwendungen\/industriesteuerungen-und-prozessautomatisierung\/","og_site_name":"Borri","article_modified_time":"2021-03-01T10:11:00+00:00","twitter_card":"summary_large_image","schema":{"@context":"https:\/\/schema.org","@graph":[{"@type":"WebPage","@id":"https:\/\/www.borri.it\/de\/critical-power-industrie-service-anwendungen\/industriesteuerungen-und-prozessautomatisierung\/","url":"https:\/\/www.borri.it\/de\/critical-power-industrie-service-anwendungen\/industriesteuerungen-und-prozessautomatisierung\/","name":"Industriesteuerungen und Prozessautomatisierung - Borri","isPartOf":{"@id":"https:\/\/www.borri.it\/#website"},"datePublished":"2016-11-14T09:11:24+00:00","dateModified":"2021-03-01T10:11:00+00:00","description":"Borri-USVs f\u00fcr Industriesteuerungen und Prozessautomatisierung sind zuverl\u00e4ssige, robuste und stabile Stromversorgungsl\u00f6sungen.","breadcrumb":{"@id":"https:\/\/www.borri.it\/de\/critical-power-industrie-service-anwendungen\/industriesteuerungen-und-prozessautomatisierung\/#breadcrumb"},"inLanguage":"de","potentialAction":[{"@type":"ReadAction","target":["https:\/\/www.borri.it\/de\/critical-power-industrie-service-anwendungen\/industriesteuerungen-und-prozessautomatisierung\/"]}]},{"@type":"BreadcrumbList","@id":"https:\/\/www.borri.it\/de\/critical-power-industrie-service-anwendungen\/industriesteuerungen-und-prozessautomatisierung\/#breadcrumb","itemListElement":[{"@type":"ListItem","position":1,"name":"Home","item":"https:\/\/www.borri.it\/"},{"@type":"ListItem","position":2,"name":"Critical Power-USVs f\u00fcr Industrie und Service","item":"https:\/\/www.borri.it\/de\/critical-power-industrie-service-anwendungen\/"},{"@type":"ListItem","position":3,"name":"Industriesteuerungen und Prozessautomatisierung"}]},{"@type":"WebSite","@id":"https:\/\/www.borri.it\/#website","url":"https:\/\/www.borri.it\/","name":"Borri","description":"Soluzioni UPS per la protezione dell\u2019alimentazione","potentialAction":[{"@type":"SearchAction","target":{"@type":"EntryPoint","urlTemplate":"https:\/\/www.borri.it\/?s={search_term_string}"},"query-input":"required name=search_term_string"}],"inLanguage":"de"}]}},"_links":{"self":[{"href":"https:\/\/www.borri.it\/de\/wp-json\/wp\/v2\/pages\/4790"}],"collection":[{"href":"https:\/\/www.borri.it\/de\/wp-json\/wp\/v2\/pages"}],"about":[{"href":"https:\/\/www.borri.it\/de\/wp-json\/wp\/v2\/types\/page"}],"author":[{"embeddable":true,"href":"https:\/\/www.borri.it\/de\/wp-json\/wp\/v2\/users\/1"}],"replies":[{"embeddable":true,"href":"https:\/\/www.borri.it\/de\/wp-json\/wp\/v2\/comments?post=4790"}],"version-history":[{"count":5,"href":"https:\/\/www.borri.it\/de\/wp-json\/wp\/v2\/pages\/4790\/revisions"}],"predecessor-version":[{"id":10138,"href":"https:\/\/www.borri.it\/de\/wp-json\/wp\/v2\/pages\/4790\/revisions\/10138"}],"up":[{"embeddable":true,"href":"https:\/\/www.borri.it\/de\/wp-json\/wp\/v2\/pages\/4775"}],"wp:attachment":[{"href":"https:\/\/www.borri.it\/de\/wp-json\/wp\/v2\/media?parent=4790"}],"curies":[{"name":"wp","href":"https:\/\/api.w.org\/{rel}","templated":true}]}}