{"id":4783,"date":"2016-11-14T10:10:52","date_gmt":"2016-11-14T09:10:52","guid":{"rendered":"https:\/\/www.borri.it\/critical-power-applications\/network-and-server\/"},"modified":"2021-03-01T11:05:19","modified_gmt":"2021-03-01T10:05:19","slug":"netzwerke-und-server","status":"publish","type":"page","link":"https:\/\/www.borri.it\/de\/critical-power-it-anwendungen\/netzwerke-und-server\/","title":{"rendered":"Netzwerke und Server"},"content":{"rendered":"","protected":false},"excerpt":{"rendered":"","protected":false},"author":1,"featured_media":0,"parent":4770,"menu_order":0,"comment_status":"closed","ping_status":"closed","template":"","meta":{"footnotes":""},"yoast_head":"<!-- This site is optimized with the Yoast SEO Premium plugin v21.9 (Yoast SEO v21.9.1) - https:\/\/yoast.com\/wordpress\/plugins\/seo\/ -->\n<title>Netzwerke und Server - Borri<\/title>\n<meta name=\"description\" content=\"Borri-USVs f\u00fcr Netzwerke und Server sind flexibel, k\u00f6nnen an alle Lastprofile angepasst und speziell f\u00fcr den Kunden konfiguriert werden.\" \/>\n<meta name=\"robots\" content=\"index, follow, max-snippet:-1, max-image-preview:large, max-video-preview:-1\" \/>\n<link rel=\"canonical\" href=\"https:\/\/www.borri.it\/critical-power-ups-ict\/networks-and-servers\/\" \/>\n<meta property=\"og:locale\" content=\"de_DE\" \/>\n<meta property=\"og:type\" content=\"article\" \/>\n<meta property=\"og:title\" content=\"Netzwerke und Server\" \/>\n<meta property=\"og:description\" content=\"Borri-USVs f\u00fcr Netzwerke und Server sind flexibel, k\u00f6nnen an alle Lastprofile angepasst und speziell f\u00fcr den Kunden konfiguriert werden.\" \/>\n<meta property=\"og:url\" content=\"https:\/\/www.borri.it\/critical-power-ups-ict\/networks-and-servers\/\" \/>\n<meta property=\"og:site_name\" content=\"Borri\" \/>\n<meta property=\"article:modified_time\" content=\"2021-03-01T10:05:19+00:00\" \/>\n<meta name=\"twitter:card\" content=\"summary_large_image\" \/>\n<script type=\"application\/ld+json\" class=\"yoast-schema-graph\">{\"@context\":\"https:\/\/schema.org\",\"@graph\":[{\"@type\":\"WebPage\",\"@id\":\"https:\/\/www.borri.it\/critical-power-ups-ict\/networks-and-servers\/\",\"url\":\"https:\/\/www.borri.it\/critical-power-ups-ict\/networks-and-servers\/\",\"name\":\"Netzwerke und Server - Borri\",\"isPartOf\":{\"@id\":\"https:\/\/www.borri.it\/#website\"},\"datePublished\":\"2016-11-14T09:10:52+00:00\",\"dateModified\":\"2021-03-01T10:05:19+00:00\",\"description\":\"Borri-USVs f\u00fcr Netzwerke und Server sind flexibel, k\u00f6nnen an alle Lastprofile angepasst und speziell f\u00fcr den Kunden konfiguriert werden.\",\"breadcrumb\":{\"@id\":\"https:\/\/www.borri.it\/critical-power-ups-ict\/networks-and-servers\/#breadcrumb\"},\"inLanguage\":\"de\",\"potentialAction\":[{\"@type\":\"ReadAction\",\"target\":[\"https:\/\/www.borri.it\/critical-power-ups-ict\/networks-and-servers\/\"]}]},{\"@type\":\"BreadcrumbList\",\"@id\":\"https:\/\/www.borri.it\/critical-power-ups-ict\/networks-and-servers\/#breadcrumb\",\"itemListElement\":[{\"@type\":\"ListItem\",\"position\":1,\"name\":\"Home\",\"item\":\"https:\/\/www.borri.it\/\"},{\"@type\":\"ListItem\",\"position\":2,\"name\":\"Critical Power-USVs f\u00fcr IT und Rechenzentrum\",\"item\":\"https:\/\/www.borri.it\/critical-power-ups-ict\/\"},{\"@type\":\"ListItem\",\"position\":3,\"name\":\"Netzwerke und Server\"}]},{\"@type\":\"WebSite\",\"@id\":\"https:\/\/www.borri.it\/#website\",\"url\":\"https:\/\/www.borri.it\/\",\"name\":\"Borri\",\"description\":\"Soluzioni UPS per la protezione dell\u2019alimentazione\",\"potentialAction\":[{\"@type\":\"SearchAction\",\"target\":{\"@type\":\"EntryPoint\",\"urlTemplate\":\"https:\/\/www.borri.it\/?s={search_term_string}\"},\"query-input\":\"required name=search_term_string\"}],\"inLanguage\":\"de\"}]}<\/script>\n<!-- \/ Yoast SEO Premium plugin. -->","yoast_head_json":{"title":"Netzwerke und Server - Borri","description":"Borri-USVs f\u00fcr Netzwerke und Server sind flexibel, k\u00f6nnen an alle Lastprofile angepasst und speziell f\u00fcr den Kunden konfiguriert werden.","robots":{"index":"index","follow":"follow","max-snippet":"max-snippet:-1","max-image-preview":"max-image-preview:large","max-video-preview":"max-video-preview:-1"},"canonical":"https:\/\/www.borri.it\/critical-power-ups-ict\/networks-and-servers\/","og_locale":"de_DE","og_type":"article","og_title":"Netzwerke und Server","og_description":"Borri-USVs f\u00fcr Netzwerke und Server sind flexibel, k\u00f6nnen an alle Lastprofile angepasst und speziell f\u00fcr den Kunden konfiguriert werden.","og_url":"https:\/\/www.borri.it\/critical-power-ups-ict\/networks-and-servers\/","og_site_name":"Borri","article_modified_time":"2021-03-01T10:05:19+00:00","twitter_card":"summary_large_image","schema":{"@context":"https:\/\/schema.org","@graph":[{"@type":"WebPage","@id":"https:\/\/www.borri.it\/critical-power-ups-ict\/networks-and-servers\/","url":"https:\/\/www.borri.it\/critical-power-ups-ict\/networks-and-servers\/","name":"Netzwerke und Server - Borri","isPartOf":{"@id":"https:\/\/www.borri.it\/#website"},"datePublished":"2016-11-14T09:10:52+00:00","dateModified":"2021-03-01T10:05:19+00:00","description":"Borri-USVs f\u00fcr Netzwerke und Server sind flexibel, k\u00f6nnen an alle Lastprofile angepasst und speziell f\u00fcr den Kunden konfiguriert werden.","breadcrumb":{"@id":"https:\/\/www.borri.it\/critical-power-ups-ict\/networks-and-servers\/#breadcrumb"},"inLanguage":"de","potentialAction":[{"@type":"ReadAction","target":["https:\/\/www.borri.it\/critical-power-ups-ict\/networks-and-servers\/"]}]},{"@type":"BreadcrumbList","@id":"https:\/\/www.borri.it\/critical-power-ups-ict\/networks-and-servers\/#breadcrumb","itemListElement":[{"@type":"ListItem","position":1,"name":"Home","item":"https:\/\/www.borri.it\/"},{"@type":"ListItem","position":2,"name":"Critical Power-USVs f\u00fcr IT und Rechenzentrum","item":"https:\/\/www.borri.it\/critical-power-ups-ict\/"},{"@type":"ListItem","position":3,"name":"Netzwerke und Server"}]},{"@type":"WebSite","@id":"https:\/\/www.borri.it\/#website","url":"https:\/\/www.borri.it\/","name":"Borri","description":"Soluzioni UPS per la protezione dell\u2019alimentazione","potentialAction":[{"@type":"SearchAction","target":{"@type":"EntryPoint","urlTemplate":"https:\/\/www.borri.it\/?s={search_term_string}"},"query-input":"required name=search_term_string"}],"inLanguage":"de"}]}},"_links":{"self":[{"href":"https:\/\/www.borri.it\/de\/wp-json\/wp\/v2\/pages\/4783"}],"collection":[{"href":"https:\/\/www.borri.it\/de\/wp-json\/wp\/v2\/pages"}],"about":[{"href":"https:\/\/www.borri.it\/de\/wp-json\/wp\/v2\/types\/page"}],"author":[{"embeddable":true,"href":"https:\/\/www.borri.it\/de\/wp-json\/wp\/v2\/users\/1"}],"replies":[{"embeddable":true,"href":"https:\/\/www.borri.it\/de\/wp-json\/wp\/v2\/comments?post=4783"}],"version-history":[{"count":5,"href":"https:\/\/www.borri.it\/de\/wp-json\/wp\/v2\/pages\/4783\/revisions"}],"predecessor-version":[{"id":10124,"href":"https:\/\/www.borri.it\/de\/wp-json\/wp\/v2\/pages\/4783\/revisions\/10124"}],"up":[{"embeddable":true,"href":"https:\/\/www.borri.it\/de\/wp-json\/wp\/v2\/pages\/4770"}],"wp:attachment":[{"href":"https:\/\/www.borri.it\/de\/wp-json\/wp\/v2\/media?parent=4783"}],"curies":[{"name":"wp","href":"https:\/\/api.w.org\/{rel}","templated":true}]}}