{"id":4775,"date":"2016-10-14T12:52:16","date_gmt":"2016-10-14T10:52:16","guid":{"rendered":"https:\/\/www.borri.it\/critical-power-pi\/"},"modified":"2022-07-20T12:53:36","modified_gmt":"2022-07-20T10:53:36","slug":"critical-power-industrie-service-anwendungen","status":"publish","type":"page","link":"https:\/\/www.borri.it\/de\/critical-power-industrie-service-anwendungen\/","title":{"rendered":"Critical Power-USVs f\u00fcr Industrie und Service"},"content":{"rendered":"","protected":false},"excerpt":{"rendered":"","protected":false},"author":1,"featured_media":0,"parent":0,"menu_order":0,"comment_status":"closed","ping_status":"closed","template":"","meta":{"footnotes":""},"yoast_head":"<!-- This site is optimized with the Yoast SEO Premium plugin v21.9 (Yoast SEO v21.9.1) - https:\/\/yoast.com\/wordpress\/plugins\/seo\/ -->\n<title>Critical Power-USVs f\u00fcr Industrie und Service - Borri<\/title>\n<meta name=\"description\" content=\"Critical Power-USVs f\u00fcr Industriesteuerungen, Prozessautomatisierung, Medizinger\u00e4te, Geb\u00e4udeautomation und Notsysteme.\" \/>\n<meta name=\"robots\" content=\"index, follow, max-snippet:-1, max-image-preview:large, max-video-preview:-1\" \/>\n<link rel=\"canonical\" href=\"https:\/\/www.borri.it\/de\/critical-power-industrie-service-anwendungen\/\" \/>\n<meta property=\"og:locale\" content=\"de_DE\" \/>\n<meta property=\"og:type\" content=\"article\" \/>\n<meta property=\"og:title\" content=\"Critical Power-USVs f\u00fcr Industrie und Service\" \/>\n<meta property=\"og:description\" content=\"Critical Power-USVs f\u00fcr Industriesteuerungen, Prozessautomatisierung, Medizinger\u00e4te, Geb\u00e4udeautomation und Notsysteme.\" \/>\n<meta property=\"og:url\" content=\"https:\/\/www.borri.it\/de\/critical-power-industrie-service-anwendungen\/\" \/>\n<meta property=\"og:site_name\" content=\"Borri\" \/>\n<meta property=\"article:modified_time\" content=\"2022-07-20T10:53:36+00:00\" \/>\n<meta name=\"twitter:card\" content=\"summary_large_image\" \/>\n<script type=\"application\/ld+json\" class=\"yoast-schema-graph\">{\"@context\":\"https:\/\/schema.org\",\"@graph\":[{\"@type\":\"WebPage\",\"@id\":\"https:\/\/www.borri.it\/de\/critical-power-industrie-service-anwendungen\/\",\"url\":\"https:\/\/www.borri.it\/de\/critical-power-industrie-service-anwendungen\/\",\"name\":\"Critical Power-USVs f\u00fcr Industrie und Service - Borri\",\"isPartOf\":{\"@id\":\"https:\/\/www.borri.it\/#website\"},\"datePublished\":\"2016-10-14T10:52:16+00:00\",\"dateModified\":\"2022-07-20T10:53:36+00:00\",\"description\":\"Critical Power-USVs f\u00fcr Industriesteuerungen, Prozessautomatisierung, Medizinger\u00e4te, Geb\u00e4udeautomation und Notsysteme.\",\"breadcrumb\":{\"@id\":\"https:\/\/www.borri.it\/de\/critical-power-industrie-service-anwendungen\/#breadcrumb\"},\"inLanguage\":\"de\",\"potentialAction\":[{\"@type\":\"ReadAction\",\"target\":[\"https:\/\/www.borri.it\/de\/critical-power-industrie-service-anwendungen\/\"]}]},{\"@type\":\"BreadcrumbList\",\"@id\":\"https:\/\/www.borri.it\/de\/critical-power-industrie-service-anwendungen\/#breadcrumb\",\"itemListElement\":[{\"@type\":\"ListItem\",\"position\":1,\"name\":\"Home\",\"item\":\"https:\/\/www.borri.it\/\"},{\"@type\":\"ListItem\",\"position\":2,\"name\":\"Critical Power-USVs f\u00fcr Industrie und Service\"}]},{\"@type\":\"WebSite\",\"@id\":\"https:\/\/www.borri.it\/#website\",\"url\":\"https:\/\/www.borri.it\/\",\"name\":\"Borri\",\"description\":\"Soluzioni UPS per la protezione dell\u2019alimentazione\",\"potentialAction\":[{\"@type\":\"SearchAction\",\"target\":{\"@type\":\"EntryPoint\",\"urlTemplate\":\"https:\/\/www.borri.it\/?s={search_term_string}\"},\"query-input\":\"required name=search_term_string\"}],\"inLanguage\":\"de\"}]}<\/script>\n<!-- \/ Yoast SEO Premium plugin. -->","yoast_head_json":{"title":"Critical Power-USVs f\u00fcr Industrie und Service - Borri","description":"Critical Power-USVs f\u00fcr Industriesteuerungen, Prozessautomatisierung, Medizinger\u00e4te, Geb\u00e4udeautomation und Notsysteme.","robots":{"index":"index","follow":"follow","max-snippet":"max-snippet:-1","max-image-preview":"max-image-preview:large","max-video-preview":"max-video-preview:-1"},"canonical":"https:\/\/www.borri.it\/de\/critical-power-industrie-service-anwendungen\/","og_locale":"de_DE","og_type":"article","og_title":"Critical Power-USVs f\u00fcr Industrie und Service","og_description":"Critical Power-USVs f\u00fcr Industriesteuerungen, Prozessautomatisierung, Medizinger\u00e4te, Geb\u00e4udeautomation und Notsysteme.","og_url":"https:\/\/www.borri.it\/de\/critical-power-industrie-service-anwendungen\/","og_site_name":"Borri","article_modified_time":"2022-07-20T10:53:36+00:00","twitter_card":"summary_large_image","schema":{"@context":"https:\/\/schema.org","@graph":[{"@type":"WebPage","@id":"https:\/\/www.borri.it\/de\/critical-power-industrie-service-anwendungen\/","url":"https:\/\/www.borri.it\/de\/critical-power-industrie-service-anwendungen\/","name":"Critical Power-USVs f\u00fcr Industrie und Service - Borri","isPartOf":{"@id":"https:\/\/www.borri.it\/#website"},"datePublished":"2016-10-14T10:52:16+00:00","dateModified":"2022-07-20T10:53:36+00:00","description":"Critical Power-USVs f\u00fcr Industriesteuerungen, Prozessautomatisierung, Medizinger\u00e4te, Geb\u00e4udeautomation und Notsysteme.","breadcrumb":{"@id":"https:\/\/www.borri.it\/de\/critical-power-industrie-service-anwendungen\/#breadcrumb"},"inLanguage":"de","potentialAction":[{"@type":"ReadAction","target":["https:\/\/www.borri.it\/de\/critical-power-industrie-service-anwendungen\/"]}]},{"@type":"BreadcrumbList","@id":"https:\/\/www.borri.it\/de\/critical-power-industrie-service-anwendungen\/#breadcrumb","itemListElement":[{"@type":"ListItem","position":1,"name":"Home","item":"https:\/\/www.borri.it\/"},{"@type":"ListItem","position":2,"name":"Critical Power-USVs f\u00fcr Industrie und Service"}]},{"@type":"WebSite","@id":"https:\/\/www.borri.it\/#website","url":"https:\/\/www.borri.it\/","name":"Borri","description":"Soluzioni UPS per la protezione dell\u2019alimentazione","potentialAction":[{"@type":"SearchAction","target":{"@type":"EntryPoint","urlTemplate":"https:\/\/www.borri.it\/?s={search_term_string}"},"query-input":"required name=search_term_string"}],"inLanguage":"de"}]}},"_links":{"self":[{"href":"https:\/\/www.borri.it\/de\/wp-json\/wp\/v2\/pages\/4775"}],"collection":[{"href":"https:\/\/www.borri.it\/de\/wp-json\/wp\/v2\/pages"}],"about":[{"href":"https:\/\/www.borri.it\/de\/wp-json\/wp\/v2\/types\/page"}],"author":[{"embeddable":true,"href":"https:\/\/www.borri.it\/de\/wp-json\/wp\/v2\/users\/1"}],"replies":[{"embeddable":true,"href":"https:\/\/www.borri.it\/de\/wp-json\/wp\/v2\/comments?post=4775"}],"version-history":[{"count":6,"href":"https:\/\/www.borri.it\/de\/wp-json\/wp\/v2\/pages\/4775\/revisions"}],"predecessor-version":[{"id":12728,"href":"https:\/\/www.borri.it\/de\/wp-json\/wp\/v2\/pages\/4775\/revisions\/12728"}],"wp:attachment":[{"href":"https:\/\/www.borri.it\/de\/wp-json\/wp\/v2\/media?parent=4775"}],"curies":[{"name":"wp","href":"https:\/\/api.w.org\/{rel}","templated":true}]}}